{"id":52,"date":"2023-08-30T13:16:49","date_gmt":"2023-08-30T13:16:49","guid":{"rendered":"https:\/\/www.iluminaciondigiled.com\/?page_id=52"},"modified":"2023-09-23T14:34:46","modified_gmt":"2023-09-23T14:34:46","slug":"sobre-nosotros","status":"publish","type":"page","link":"https:\/\/www.iluminaciondigiled.com\/index.php\/sobre-nosotros\/","title":{"rendered":"Sobre nosotros"},"content":{"rendered":"<p>[et_pb_section fb_built=\u00bb1&#8243; admin_label=\u00bbHeader\u00bb _builder_version=\u00bb4.22.1&#8243; _module_preset=\u00bbdefault\u00bb background_enable_color=\u00bboff\u00bb use_background_color_gradient=\u00bbon\u00bb background_color_gradient_stops=\u00bbrgba(39,41,47,0.8) 0%|#27292f 100%\u00bb background_color_gradient_overlays_image=\u00bbon\u00bb background_image=\u00bbhttps:\/\/www.iluminaciondigiled.com\/wp-content\/uploads\/2023\/08\/image0.jpeg\u00bb width=\u00bb94%\u00bb width_tablet=\u00bb80%\u00bb width_phone=\u00bb80%\u00bb width_last_edited=\u00bbon|desktop\u00bb max_width=\u00bb2000px\u00bb module_alignment=\u00bbcenter\u00bb custom_margin=\u00bb60px||60px||true|false\u00bb custom_padding=\u00bb6vw||6vw||true|false\u00bb hover_enabled=\u00bb0&#8243; border_radii=\u00bbon|10px|10px|10px|10px\u00bb locked=\u00bboff\u00bb collapsed=\u00bbon\u00bb global_colors_info=\u00bb{}\u00bb title_text=\u00bbimage0&#8243; sticky_enabled=\u00bb0&#8243;][et_pb_row _builder_version=\u00bb4.21.0&#8243; _module_preset=\u00bbdefault\u00bb global_colors_info=\u00bb{}\u00bb][et_pb_column type=\u00bb4_4&#8243; _builder_version=\u00bb4.21.0&#8243; _module_preset=\u00bbdefault\u00bb global_colors_info=\u00bb{}\u00bb][et_pb_text _builder_version=\u00bb4.22.1&#8243; _module_preset=\u00bb1ef5dcdf-5fb4-44c2-9b76-f30fec76a164&#8243; header_4_text_color=\u00bb#FFFFFF\u00bb text_orientation=\u00bbcenter\u00bb hover_enabled=\u00bb0&#8243; locked=\u00bboff\u00bb global_colors_info=\u00bb{}\u00bb sticky_enabled=\u00bb0&#8243;]<\/p>\n<h4>Nuestra historia<\/h4>\n<p>[\/et_pb_text][et_pb_text _builder_version=\u00bb4.22.1&#8243; _module_preset=\u00bbebf4a78c-0fd0-4230-a21b-9c5edd53abb3&#8243; header_text_color=\u00bb#FFFFFF\u00bb text_orientation=\u00bbcenter\u00bb hover_enabled=\u00bb0&#8243; locked=\u00bboff\u00bb global_colors_info=\u00bb{}\u00bb sticky_enabled=\u00bb0&#8243;]<\/p>\n<h1>Sobre nosotros<\/h1>\n<p>[\/et_pb_text][\/et_pb_column][\/et_pb_row][\/et_pb_section][et_pb_section fb_built=\u00bb1&#8243; admin_label=\u00bbAbout\u00bb _builder_version=\u00bb4.21.0&#8243; _module_preset=\u00bbdefault\u00bb locked=\u00bboff\u00bb collapsed=\u00bbon\u00bb global_colors_info=\u00bb{}\u00bb][et_pb_row column_structure=\u00bb2_5,3_5&#8243; use_custom_gutter=\u00bbon\u00bb gutter_width=\u00bb2&#8243; make_equal=\u00bbon\u00bb _builder_version=\u00bb4.22.1&#8243; _module_preset=\u00bbdefault\u00bb hover_enabled=\u00bb0&#8243; global_colors_info=\u00bb{}\u00bb sticky_enabled=\u00bb0&#8243;][et_pb_column type=\u00bb2_5&#8243; _builder_version=\u00bb4.22.1&#8243; _module_preset=\u00bbdefault\u00bb background_image=\u00bbhttps:\/\/www.iluminaciondigiled.com\/wp-content\/uploads\/2023\/08\/la-foto-4-scaled.jpg\u00bb hover_enabled=\u00bb0&#8243; border_radii=\u00bbon|10px|10px|10px|10px\u00bb global_colors_info=\u00bb{}\u00bb title_text=\u00bbla foto 4&#8243; sticky_enabled=\u00bb0&#8243;][et_pb_divider show_divider=\u00bboff\u00bb _builder_version=\u00bb4.21.0&#8243; _module_preset=\u00bbdefault\u00bb height_tablet=\u00bb40vw\u00bb height_phone=\u00bb40vw\u00bb height_last_edited=\u00bbon|desktop\u00bb locked=\u00bboff\u00bb global_colors_info=\u00bb{}\u00bb][\/et_pb_divider][\/et_pb_column][et_pb_column type=\u00bb3_5&#8243; _builder_version=\u00bb4.21.0&#8243; _module_preset=\u00bbdefault\u00bb background_color=\u00bbgcid-70184d90-89dc-4d37-8a72-67bb78c7369e\u00bb custom_padding=\u00bb50px|50px|50px|50px|true|true\u00bb custom_padding_tablet=\u00bb30px|30px|30px|30px|true|true\u00bb custom_padding_phone=\u00bb20px|20px|20px|20px|true|true\u00bb custom_padding_last_edited=\u00bbon|desktop\u00bb border_radii=\u00bbon|10px|10px|10px|10px\u00bb global_colors_info=\u00bb{%22gcid-70184d90-89dc-4d37-8a72-67bb78c7369e%22:%91%22background_color%22%93}\u00bb][et_pb_text _builder_version=\u00bb4.22.1&#8243; _module_preset=\u00bb60de337e-4940-4be7-8358-2d1b86d8a527&#8243; custom_margin=\u00bb||10px||false|false\u00bb hover_enabled=\u00bb0&#8243; global_colors_info=\u00bb{}\u00bb sticky_enabled=\u00bb0&#8243;]<\/p>\n<h3>Tienda de Iluminaci\u00f3n Led en A Coru\u00f1a<\/h3>\n<p>[\/et_pb_text][et_pb_text _builder_version=\u00bb4.22.1&#8243; _module_preset=\u00bb44288d47-dd69-41eb-b108-b39d61ef346b\u00bb hover_enabled=\u00bb0&#8243; global_colors_info=\u00bb{}\u00bb sticky_enabled=\u00bb0&#8243;]<\/p>\n<p><span>Tu soluci\u00f3n de iluminaci\u00f3n LED en A Coru\u00f1a. Descubre una amplia gama de productos LED de alta calidad y servicios personalizados para tus necesidades de iluminaci\u00f3n.\u00bb<\/span><\/p>\n<p>[\/et_pb_text][\/et_pb_column][\/et_pb_row][et_pb_row column_structure=\u00bb1_4,1_4,1_4,1_4&#8243; _builder_version=\u00bb4.21.0&#8243; _module_preset=\u00bbdefault\u00bb locked=\u00bboff\u00bb global_colors_info=\u00bb{}\u00bb][et_pb_column type=\u00bb1_4&#8243; _builder_version=\u00bb4.21.0&#8243; _module_preset=\u00bbdefault\u00bb global_colors_info=\u00bb{}\u00bb][\/et_pb_column][et_pb_column type=\u00bb1_4&#8243; _builder_version=\u00bb4.21.0&#8243; _module_preset=\u00bbdefault\u00bb global_colors_info=\u00bb{}\u00bb][et_pb_image src=\u00bbhttps:\/\/www.iluminaciondigiled.com\/wp-content\/uploads\/2023\/08\/home-rental-10.png\u00bb title_text=\u00bbhome-rental-10&#8243; align=\u00bbcenter\u00bb _builder_version=\u00bb4.21.0&#8243; _module_preset=\u00bbdefault\u00bb max_width=\u00bb48px\u00bb max_height=\u00bb48px\u00bb hover_enabled=\u00bb0&#8243; global_colors_info=\u00bb{}\u00bb sticky_enabled=\u00bb0&#8243;][\/et_pb_image][et_pb_text _builder_version=\u00bb4.22.1&#8243; _module_preset=\u00bb7cd15ece-17c1-453b-9a59-b9a8a659f526&#8243; text_orientation=\u00bbcenter\u00bb hover_enabled=\u00bb0&#8243; global_colors_info=\u00bb{}\u00bb sticky_enabled=\u00bb0&#8243;]<\/p>\n<h6><span class=\"w8qArf\"><span>\u00a0<\/span><\/span><span class=\"LrzXr\">Avenida Finisterre, 264, 15010 A Coru\u00f1a<\/span><\/h6>\n<p>[\/et_pb_text][\/et_pb_column][et_pb_column type=\u00bb1_4&#8243; _builder_version=\u00bb4.21.0&#8243; _module_preset=\u00bbdefault\u00bb global_colors_info=\u00bb{}\u00bb][et_pb_image src=\u00bbhttps:\/\/www.iluminaciondigiled.com\/wp-content\/uploads\/2023\/09\/ring-phone.png\u00bb title_text=\u00bbring-phone\u00bb align=\u00bbcenter\u00bb _builder_version=\u00bb4.22.1&#8243; _module_preset=\u00bbdefault\u00bb max_width=\u00bb48px\u00bb max_height=\u00bb48px\u00bb hover_enabled=\u00bb0&#8243; global_colors_info=\u00bb{}\u00bb sticky_enabled=\u00bb0&#8243;][\/et_pb_image][et_pb_text _builder_version=\u00bb4.22.1&#8243; _module_preset=\u00bb7cd15ece-17c1-453b-9a59-b9a8a659f526&#8243; text_orientation=\u00bbcenter\u00bb hover_enabled=\u00bb0&#8243; global_colors_info=\u00bb{}\u00bb sticky_enabled=\u00bb0&#8243;]<\/p>\n<h6><a data-dtype=\"d3ph\" data-local-attribute=\"d3ph\" jscontroller=\"LWZElb\" href=\"https:\/\/www.google.com\/search?q=digiled&amp;rlz=1C1UEAD_esES1053ES1053&amp;oq=digiled&amp;aqs=chrome.0.35i39i650j46i175i199i512j69i64j46i175i199i512j0i30l2j69i60l2.1063j0j7&amp;sourceid=chrome&amp;ie=UTF-8#\" jsdata=\"QKGTRc;_;BaUtGY\" jsaction=\"rcuQ6b:npT2md;F75qrd\" data-ved=\"2ahUKEwjwpean-cCBAxXqU6QEHR5vADEQkAgoAHoECEgQAw\"><span aria-label=\"Llamar al n\u00famero de tel\u00e9fono 881 88 90 76\">881 88 90 76<\/span><\/a><\/h6>\n<p>[\/et_pb_text][\/et_pb_column][et_pb_column type=\u00bb1_4&#8243; _builder_version=\u00bb4.21.0&#8243; _module_preset=\u00bbdefault\u00bb global_colors_info=\u00bb{}\u00bb][\/et_pb_column][\/et_pb_row][et_pb_row _builder_version=\u00bb4.22.0&#8243; _module_preset=\u00bbdefault\u00bb locked=\u00bboff\u00bb global_colors_info=\u00bb{}\u00bb][et_pb_column type=\u00bb4_4&#8243; _builder_version=\u00bb4.22.0&#8243; _module_preset=\u00bbdefault\u00bb global_colors_info=\u00bb{}\u00bb][et_pb_button button_text=\u00bbcontacta\u00bb button_alignment=\u00bbcenter\u00bb _builder_version=\u00bb4.22.1&#8243; _module_preset=\u00bbd93dbd90-a4c7-434a-81fd-67ea8408cccd\u00bb hover_enabled=\u00bb0&#8243; global_colors_info=\u00bb{}\u00bb button_url=\u00bb\/contacto\u00bb sticky_enabled=\u00bb0&#8243;][\/et_pb_button][\/et_pb_column][\/et_pb_row][\/et_pb_section][et_pb_section fb_built=\u00bb1&#8243; admin_label=\u00bbTestimonials\u00bb _builder_version=\u00bb4.21.0&#8243; _module_preset=\u00bbdefault\u00bb collapsed=\u00bbon\u00bb global_colors_info=\u00bb{}\u00bb][et_pb_row _builder_version=\u00bb4.21.0&#8243; _module_preset=\u00bbdefault\u00bb global_colors_info=\u00bb{}\u00bb][et_pb_column type=\u00bb4_4&#8243; _builder_version=\u00bb4.21.0&#8243; _module_preset=\u00bbdefault\u00bb global_colors_info=\u00bb{}\u00bb][et_pb_text _builder_version=\u00bb4.22.1&#8243; _module_preset=\u00bb598f3c0b-b508-4b05-a25a-4def43d1bedc\u00bb text_orientation=\u00bbcenter\u00bb hover_enabled=\u00bb0&#8243; global_colors_info=\u00bb{}\u00bb sticky_enabled=\u00bb0&#8243;]<\/p>\n<h2>Testimonios<\/h2>\n<p>[\/et_pb_text][et_pb_slider arrows_custom_color=\u00bbgcid-d056ff0b-a85f-45b3-bb11-a75debfb13bf\u00bb dot_nav_custom_color=\u00bbgcid-d056ff0b-a85f-45b3-bb11-a75debfb13bf\u00bb _builder_version=\u00bb4.22.1&#8243; _module_preset=\u00bbdb830b74-e486-40fa-bde7-29d538cd1f46&#8243; header_font=\u00bbPrata||||||||\u00bb header_text_color=\u00bbgcid-d056ff0b-a85f-45b3-bb11-a75debfb13bf\u00bb header_font_size=\u00bb36px\u00bb header_line_height=\u00bb1.4em\u00bb body_text_color=\u00bbgcid-9d98294c-d1ae-4311-865c-0d2bedb19256&#8243; body_font_size=\u00bb16px\u00bb body_line_height=\u00bb1.8em\u00bb background_color=\u00bbRGBA(255,255,255,0)\u00bb custom_button=\u00bbon\u00bb button_text_size=\u00bb14px\u00bb button_text_color=\u00bb#FFFFFF\u00bb button_bg_color=\u00bb#496572&#8243; button_border_width=\u00bb0px\u00bb button_border_radius=\u00bb0px\u00bb button_letter_spacing=\u00bb0.16em\u00bb button_font=\u00bbInter|700||on|||||\u00bb button_custom_padding=\u00bb18px|24px|18px|24px|true|true\u00bb custom_padding=\u00bb0px||||false|false\u00bb header_font_size_tablet=\u00bb20px\u00bb header_font_size_phone=\u00bb16px\u00bb header_font_size_last_edited=\u00bbon|desktop\u00bb body_font_size_tablet=\u00bb15px\u00bb body_font_size_phone=\u00bb14px\u00bb body_font_size_last_edited=\u00bbon|desktop\u00bb text_shadow_style=\u00bbpreset3&#8243; text_shadow_color=\u00bbRGBA(255,255,255,0)\u00bb locked=\u00bboff\u00bb global_colors_info=\u00bb{%22gcid-d056ff0b-a85f-45b3-bb11-a75debfb13bf%22:%91%22header_text_color%22,%22arrows_custom_color%22,%22dot_nav_custom_color%22%93,%22gcid-9d98294c-d1ae-4311-865c-0d2bedb19256%22:%91%22body_text_color%22%93}\u00bb theme_builder_area=\u00bbpost_content\u00bb][et_pb_slide heading=\u00bbFuimos para hacer un presupuesto para la iluminaci\u00f3n de mi casa de nueva construcci\u00f3n. La mejor atenci\u00f3n personalizada posible con innumerables opciones. Sin duda de las mejores tiendas de iluminaci\u00f3n con una amplia variedad de producto. Todo un placer, gracias a t\u00ed Adri\u00e1n. 100%recomendable.\u00bb _builder_version=\u00bb4.22.1&#8243; _module_preset=\u00bbdefault\u00bb locked=\u00bboff\u00bb global_colors_info=\u00bb{}\u00bb sticky_transition=\u00bbon\u00bb theme_builder_area=\u00bbpost_content\u00bb]Alvaro Jose Iglesias[\/et_pb_slide][et_pb_slide heading=\u00bbBuen trato, buena calidad, buen precio y lo mejor que te asesoran para lo que t\u00fa necesites,recomendadisimo!!!\u00bb _builder_version=\u00bb4.22.1&#8243; _module_preset=\u00bbdefault\u00bb locked=\u00bboff\u00bb global_colors_info=\u00bb{}\u00bb sticky_transition=\u00bbon\u00bb theme_builder_area=\u00bbpost_content\u00bb]<\/p>\n<p>Merchi<\/p>\n<p>[\/et_pb_slide][\/et_pb_slider][\/et_pb_column][\/et_pb_row][\/et_pb_section][et_pb_section fb_built=\u00bb1&#8243; admin_label=\u00bbCall to Action\u00bb _builder_version=\u00bb4.22.1&#8243; _module_preset=\u00bbdefault\u00bb background_color=\u00bb#000000&#8243; width=\u00bb94%\u00bb width_tablet=\u00bb80%\u00bb width_phone=\u00bb80%\u00bb width_last_edited=\u00bbon|desktop\u00bb max_width=\u00bb2000px\u00bb module_alignment=\u00bbcenter\u00bb custom_margin=\u00bb60px||60px||true|false\u00bb hover_enabled=\u00bb0&#8243; border_radii=\u00bbon|10px|10px|10px|10px\u00bb locked=\u00bboff\u00bb collapsed=\u00bbon\u00bb global_colors_info=\u00bb{}\u00bb sticky_enabled=\u00bb0&#8243;][et_pb_row _builder_version=\u00bb4.21.0&#8243; _module_preset=\u00bbdefault\u00bb max_width=\u00bb800px\u00bb global_colors_info=\u00bb{}\u00bb][et_pb_column type=\u00bb4_4&#8243; _builder_version=\u00bb4.21.0&#8243; _module_preset=\u00bbdefault\u00bb global_colors_info=\u00bb{}\u00bb][et_pb_text _builder_version=\u00bb4.22.1&#8243; _module_preset=\u00bb598f3c0b-b508-4b05-a25a-4def43d1bedc\u00bb header_2_text_color=\u00bb#FFFFFF\u00bb text_orientation=\u00bbcenter\u00bb custom_margin=\u00bb||10px||false|false\u00bb hover_enabled=\u00bb0&#8243; locked=\u00bboff\u00bb global_colors_info=\u00bb{}\u00bb sticky_enabled=\u00bb0&#8243;]<\/p>\n<h2>Sientete como en tu casa<\/h2>\n<p>[\/et_pb_text][et_pb_text _builder_version=\u00bb4.22.1&#8243; _module_preset=\u00bb44288d47-dd69-41eb-b108-b39d61ef346b\u00bb text_text_color=\u00bb#FFFFFF\u00bb text_orientation=\u00bbcenter\u00bb hover_enabled=\u00bb0&#8243; locked=\u00bboff\u00bb global_colors_info=\u00bb{}\u00bb sticky_enabled=\u00bb0&#8243;]<\/p>\n<p><span>Tu fuente de luz LED brillante y eficiente. Explora nuestras soluciones de iluminaci\u00f3n modernas y sostenibles para un mundo m\u00e1s luminoso.<\/span><\/p>\n<p>[\/et_pb_text][et_pb_button button_text=\u00bbContacta\u00bb button_alignment=\u00bbcenter\u00bb _builder_version=\u00bb4.22.1&#8243; _module_preset=\u00bbf13cddf3-0370-4337-9a71-697a95925d56&#8243; hover_enabled=\u00bb0&#8243; locked=\u00bboff\u00bb global_colors_info=\u00bb{}\u00bb sticky_enabled=\u00bb0&#8243;][\/et_pb_button][\/et_pb_column][\/et_pb_row][\/et_pb_section][et_pb_section fb_built=\u00bb1&#8243; admin_label=\u00bbFooter\u00bb _builder_version=\u00bb4.22.1&#8243; _module_preset=\u00bbdefault\u00bb background_color=\u00bb#E02B20&#8243; saved_tabs=\u00bball\u00bb collapsed=\u00bbon\u00bb global_colors_info=\u00bb{}\u00bb theme_builder_area=\u00bbpost_content\u00bb][et_pb_row _builder_version=\u00bb4.21.0&#8243; _module_preset=\u00bbdefault\u00bb global_colors_info=\u00bb{}\u00bb theme_builder_area=\u00bbpost_content\u00bb][et_pb_column type=\u00bb4_4&#8243; _builder_version=\u00bb4.21.0&#8243; _module_preset=\u00bbdefault\u00bb global_colors_info=\u00bb{}\u00bb theme_builder_area=\u00bbpost_content\u00bb][et_pb_text _builder_version=\u00bb4.22.1&#8243; _module_preset=\u00bb636a84ea-08d1-4fa6-8cf2-aa12a64680f8&#8243; header_2_font=\u00bbPrata||||||||\u00bb header_2_text_color=\u00bb#FFFFFF\u00bb header_2_font_size=\u00bb52px\u00bb header_2_line_height=\u00bb1.2em\u00bb text_orientation=\u00bbcenter\u00bb custom_margin=\u00bb||10px||false|false\u00bb header_2_font_size_tablet=\u00bb32px\u00bb header_2_font_size_phone=\u00bb20px\u00bb header_2_font_size_last_edited=\u00bbon|desktop\u00bb global_colors_info=\u00bb{}\u00bb theme_builder_area=\u00bbpost_content\u00bb]<\/p>\n<h2>Tu tienda de Led en A Coru\u00f1a<\/h2>\n<p>[\/et_pb_text][et_pb_text _builder_version=\u00bb4.22.1&#8243; _module_preset=\u00bba98f869a-c7b0-4733-b4f8-f6e0289c1e9c\u00bb text_text_color=\u00bb#FFFFFF\u00bb text_font_size=\u00bb16px\u00bb text_line_height=\u00bb1.8em\u00bb text_orientation=\u00bbcenter\u00bb text_font_size_tablet=\u00bb15px\u00bb text_font_size_phone=\u00bb14px\u00bb text_font_size_last_edited=\u00bbon|desktop\u00bb global_colors_info=\u00bb{}\u00bb theme_builder_area=\u00bbpost_content\u00bb]<\/p>\n<p><span>Avenida Finisterre, 264, 15010 A Coru\u00f1a<\/span><\/p>\n<p>[\/et_pb_text][\/et_pb_column][\/et_pb_row][et_pb_row column_structure=\u00bb1_2,1_2&#8243; _builder_version=\u00bb4.21.0&#8243; _module_preset=\u00bbdefault\u00bb global_colors_info=\u00bb{}\u00bb theme_builder_area=\u00bbpost_content\u00bb][et_pb_column type=\u00bb1_2&#8243; _builder_version=\u00bb4.21.0&#8243; _module_preset=\u00bbdefault\u00bb global_colors_info=\u00bb{}\u00bb theme_builder_area=\u00bbpost_content\u00bb][et_pb_icon font_icon=\u00bb&#xe090;||divi||400&#8243; icon_color=\u00bb#FFFFFF\u00bb icon_width=\u00bb16px\u00bb _builder_version=\u00bb4.21.0&#8243; _module_preset=\u00bbdefault\u00bb custom_padding=\u00bb12px|12px|12px|12px|true|true\u00bb border_radii=\u00bbon|100px|100px|100px|100px\u00bb border_width_all=\u00bb1px\u00bb border_color_all=\u00bb#FFFFFF\u00bb locked=\u00bboff\u00bb global_colors_info=\u00bb{}\u00bb theme_builder_area=\u00bbpost_content\u00bb][\/et_pb_icon][et_pb_text _builder_version=\u00bb4.22.1&#8243; _module_preset=\u00bb8f5513b2-e335-4ab2-a38b-625e6009f697&#8243; link_text_color=\u00bb#FFFFFF\u00bb header_5_font=\u00bbPrata||||||||\u00bb header_5_text_color=\u00bb#FFFFFF\u00bb header_5_font_size=\u00bb20px\u00bb header_5_line_height=\u00bb1.4em\u00bb text_orientation=\u00bbcenter\u00bb header_5_font_size_tablet=\u00bb16px\u00bb header_5_font_size_phone=\u00bb14px\u00bb header_5_font_size_last_edited=\u00bbon|desktop\u00bb global_colors_info=\u00bb{}\u00bb theme_builder_area=\u00bbpost_content\u00bb]<\/p>\n<h5><span class=\"w8qArf\"><span>\u00a0<\/span><\/span><span><span class=\"LrzXr zdqRlf kno-fv\"><a data-dtype=\"d3ph\" data-local-attribute=\"d3ph\" jscontroller=\"LWZElb\" href=\"https:\/\/www.google.com\/search?q=digiled&amp;rlz=1C1UEAD_esES1053ES1053&amp;oq=digiled&amp;aqs=chrome.0.35i39i650j46i175i199i512j69i64j46i175i199i512j0i30l2j69i60l2.1215j0j7&amp;sourceid=chrome&amp;ie=UTF-8#\" jsdata=\"QKGTRc;_;A3dUtI\" jsaction=\"rcuQ6b:npT2md;F75qrd\" data-ved=\"2ahUKEwiRgJPL9sCBAxXjU6QEHclvDdcQkAgoAHoECEkQAw\"><span aria-label=\"Llamar al n\u00famero de tel\u00e9fono 881 88 90 76\">881 88 90 76<\/span><\/a><\/span><\/span><\/h5>\n<p>[\/et_pb_text][\/et_pb_column][et_pb_column type=\u00bb1_2&#8243; _builder_version=\u00bb4.21.0&#8243; _module_preset=\u00bbdefault\u00bb global_colors_info=\u00bb{}\u00bb theme_builder_area=\u00bbpost_content\u00bb][et_pb_icon font_icon=\u00bb&#xe076;||divi||400&#8243; icon_color=\u00bb#FFFFFF\u00bb icon_width=\u00bb16px\u00bb _builder_version=\u00bb4.21.0&#8243; _module_preset=\u00bbdefault\u00bb custom_padding=\u00bb12px|12px|12px|12px|true|true\u00bb border_radii=\u00bbon|100px|100px|100px|100px\u00bb border_width_all=\u00bb1px\u00bb border_color_all=\u00bb#FFFFFF\u00bb locked=\u00bboff\u00bb global_colors_info=\u00bb{}\u00bb theme_builder_area=\u00bbpost_content\u00bb][\/et_pb_icon][et_pb_text _builder_version=\u00bb4.22.1&#8243; _module_preset=\u00bb8f5513b2-e335-4ab2-a38b-625e6009f697&#8243; link_text_color=\u00bb#FFFFFF\u00bb header_5_font=\u00bbPrata||||||||\u00bb header_5_text_color=\u00bb#FFFFFF\u00bb header_5_font_size=\u00bb20px\u00bb header_5_line_height=\u00bb1.4em\u00bb text_orientation=\u00bbcenter\u00bb header_5_font_size_tablet=\u00bb16px\u00bb header_5_font_size_phone=\u00bb14px\u00bb header_5_font_size_last_edited=\u00bbon|desktop\u00bb global_colors_info=\u00bb{}\u00bb theme_builder_area=\u00bbpost_content\u00bb]<\/p>\n<h5>digiled.servicios@gmail.com<\/h5>\n<p>[\/et_pb_text][\/et_pb_column][\/et_pb_row][et_pb_row _builder_version=\u00bb4.21.0&#8243; _module_preset=\u00bbdefault\u00bb border_color_all=\u00bbrgba(255,255,255,0.2)\u00bb border_width_top=\u00bb1px\u00bb global_colors_info=\u00bb{}\u00bb theme_builder_area=\u00bbpost_content\u00bb][et_pb_column type=\u00bb4_4&#8243; _builder_version=\u00bb4.21.0&#8243; _module_preset=\u00bbdefault\u00bb global_colors_info=\u00bb{}\u00bb theme_builder_area=\u00bbpost_content\u00bb][et_pb_text _builder_version=\u00bb4.22.1&#8243; _dynamic_attributes=\u00bbcontent\u00bb _module_preset=\u00bb83744a01-5971-4bf0-ad09-8c35dab4053f\u00bb text_text_color=\u00bb#FFFFFF\u00bb text_orientation=\u00bbcenter\u00bb global_colors_info=\u00bb{}\u00bb theme_builder_area=\u00bbpost_content\u00bb]@ET-DC@eyJkeW5hbWljIjp0cnVlLCJjb250ZW50IjoiY3VycmVudF9kYXRlIiwic2V0dGluZ3MiOnsiYmVmb3JlIjoiIiwiYWZ0ZXIiOiIgRGlnaWxlZCAgQWxsIFJpZ2h0cyBSZXNlcnZlZC4iLCJkYXRlX2Zvcm1hdCI6ImN1c3RvbSIsImN1c3RvbV9kYXRlX2Zvcm1hdCI6IlkifX0=@[\/et_pb_text][\/et_pb_column][\/et_pb_row][\/et_pb_section]<\/p>\n","protected":false},"excerpt":{"rendered":"<p>Nuestra historiaSobre nosotrosTienda de Iluminaci\u00f3n Led en A Coru\u00f1aTu soluci\u00f3n de iluminaci\u00f3n LED en A Coru\u00f1a. Descubre una amplia gama de productos LED de alta calidad y servicios personalizados para tus necesidades de iluminaci\u00f3n.\u00bb\u00a0Avenida Finisterre, 264, 15010 A Coru\u00f1a881 88 90 76TestimoniosAlvaro Jose IglesiasMerchiSientete como en tu casaTu fuente de luz LED brillante y eficiente. [&hellip;]<\/p>\n","protected":false},"author":1,"featured_media":0,"parent":0,"menu_order":0,"comment_status":"closed","ping_status":"closed","template":"","meta":{"_et_pb_use_builder":"on","_et_pb_old_content":"","_et_gb_content_width":"","footnotes":""},"class_list":["post-52","page","type-page","status-publish","hentry"],"yoast_head":"<!-- This site is optimized with the Yoast SEO plugin v21.2 - https:\/\/yoast.com\/wordpress\/plugins\/seo\/ -->\n<title>Sobre nosotros - Digiled<\/title>\n<meta name=\"robots\" content=\"index, follow, max-snippet:-1, max-image-preview:large, max-video-preview:-1\" \/>\n<link rel=\"canonical\" href=\"https:\/\/www.iluminaciondigiled.com\/index.php\/sobre-nosotros\/\" \/>\n<meta property=\"og:locale\" content=\"es_ES\" \/>\n<meta property=\"og:type\" content=\"article\" \/>\n<meta property=\"og:title\" content=\"Sobre nosotros - Digiled\" \/>\n<meta property=\"og:description\" content=\"Nuestra historiaSobre nosotrosTienda de Iluminaci\u00f3n Led en A Coru\u00f1aTu soluci\u00f3n de iluminaci\u00f3n LED en A Coru\u00f1a. Descubre una amplia gama de productos LED de alta calidad y servicios personalizados para tus necesidades de iluminaci\u00f3n.&quot;\u00a0Avenida Finisterre, 264, 15010 A Coru\u00f1a881 88 90 76TestimoniosAlvaro Jose IglesiasMerchiSientete como en tu casaTu fuente de luz LED brillante y eficiente. [&hellip;]\" \/>\n<meta property=\"og:url\" content=\"https:\/\/www.iluminaciondigiled.com\/index.php\/sobre-nosotros\/\" \/>\n<meta property=\"og:site_name\" content=\"Digiled\" \/>\n<meta property=\"article:modified_time\" content=\"2023-09-23T14:34:46+00:00\" \/>\n<meta name=\"twitter:card\" content=\"summary_large_image\" \/>\n<meta name=\"twitter:label1\" content=\"Tiempo de lectura\" \/>\n\t<meta name=\"twitter:data1\" content=\"10 minutos\" \/>\n<script type=\"application\/ld+json\" class=\"yoast-schema-graph\">{\"@context\":\"https:\/\/schema.org\",\"@graph\":[{\"@type\":\"WebPage\",\"@id\":\"https:\/\/www.iluminaciondigiled.com\/index.php\/sobre-nosotros\/\",\"url\":\"https:\/\/www.iluminaciondigiled.com\/index.php\/sobre-nosotros\/\",\"name\":\"Sobre nosotros - Digiled\",\"isPartOf\":{\"@id\":\"https:\/\/www.iluminaciondigiled.com\/#website\"},\"datePublished\":\"2023-08-30T13:16:49+00:00\",\"dateModified\":\"2023-09-23T14:34:46+00:00\",\"breadcrumb\":{\"@id\":\"https:\/\/www.iluminaciondigiled.com\/index.php\/sobre-nosotros\/#breadcrumb\"},\"inLanguage\":\"es\",\"potentialAction\":[{\"@type\":\"ReadAction\",\"target\":[\"https:\/\/www.iluminaciondigiled.com\/index.php\/sobre-nosotros\/\"]}]},{\"@type\":\"BreadcrumbList\",\"@id\":\"https:\/\/www.iluminaciondigiled.com\/index.php\/sobre-nosotros\/#breadcrumb\",\"itemListElement\":[{\"@type\":\"ListItem\",\"position\":1,\"name\":\"Portada\",\"item\":\"https:\/\/www.iluminaciondigiled.com\/\"},{\"@type\":\"ListItem\",\"position\":2,\"name\":\"Sobre nosotros\"}]},{\"@type\":\"WebSite\",\"@id\":\"https:\/\/www.iluminaciondigiled.com\/#website\",\"url\":\"https:\/\/www.iluminaciondigiled.com\/\",\"name\":\"Digiled\",\"description\":\"Tienda de iluminaci&oacute;n led en A Coru&ntilde;a\",\"potentialAction\":[{\"@type\":\"SearchAction\",\"target\":{\"@type\":\"EntryPoint\",\"urlTemplate\":\"https:\/\/www.iluminaciondigiled.com\/?s={search_term_string}\"},\"query-input\":\"required name=search_term_string\"}],\"inLanguage\":\"es\"}]}<\/script>\n<!-- \/ Yoast SEO plugin. -->","yoast_head_json":{"title":"Sobre nosotros - Digiled","robots":{"index":"index","follow":"follow","max-snippet":"max-snippet:-1","max-image-preview":"max-image-preview:large","max-video-preview":"max-video-preview:-1"},"canonical":"https:\/\/www.iluminaciondigiled.com\/index.php\/sobre-nosotros\/","og_locale":"es_ES","og_type":"article","og_title":"Sobre nosotros - Digiled","og_description":"Nuestra historiaSobre nosotrosTienda de Iluminaci\u00f3n Led en A Coru\u00f1aTu soluci\u00f3n de iluminaci\u00f3n LED en A Coru\u00f1a. Descubre una amplia gama de productos LED de alta calidad y servicios personalizados para tus necesidades de iluminaci\u00f3n.\"\u00a0Avenida Finisterre, 264, 15010 A Coru\u00f1a881 88 90 76TestimoniosAlvaro Jose IglesiasMerchiSientete como en tu casaTu fuente de luz LED brillante y eficiente. [&hellip;]","og_url":"https:\/\/www.iluminaciondigiled.com\/index.php\/sobre-nosotros\/","og_site_name":"Digiled","article_modified_time":"2023-09-23T14:34:46+00:00","twitter_card":"summary_large_image","twitter_misc":{"Tiempo de lectura":"10 minutos"},"schema":{"@context":"https:\/\/schema.org","@graph":[{"@type":"WebPage","@id":"https:\/\/www.iluminaciondigiled.com\/index.php\/sobre-nosotros\/","url":"https:\/\/www.iluminaciondigiled.com\/index.php\/sobre-nosotros\/","name":"Sobre nosotros - Digiled","isPartOf":{"@id":"https:\/\/www.iluminaciondigiled.com\/#website"},"datePublished":"2023-08-30T13:16:49+00:00","dateModified":"2023-09-23T14:34:46+00:00","breadcrumb":{"@id":"https:\/\/www.iluminaciondigiled.com\/index.php\/sobre-nosotros\/#breadcrumb"},"inLanguage":"es","potentialAction":[{"@type":"ReadAction","target":["https:\/\/www.iluminaciondigiled.com\/index.php\/sobre-nosotros\/"]}]},{"@type":"BreadcrumbList","@id":"https:\/\/www.iluminaciondigiled.com\/index.php\/sobre-nosotros\/#breadcrumb","itemListElement":[{"@type":"ListItem","position":1,"name":"Portada","item":"https:\/\/www.iluminaciondigiled.com\/"},{"@type":"ListItem","position":2,"name":"Sobre nosotros"}]},{"@type":"WebSite","@id":"https:\/\/www.iluminaciondigiled.com\/#website","url":"https:\/\/www.iluminaciondigiled.com\/","name":"Digiled","description":"Tienda de iluminaci&oacute;n led en A Coru&ntilde;a","potentialAction":[{"@type":"SearchAction","target":{"@type":"EntryPoint","urlTemplate":"https:\/\/www.iluminaciondigiled.com\/?s={search_term_string}"},"query-input":"required name=search_term_string"}],"inLanguage":"es"}]}},"_links":{"self":[{"href":"https:\/\/www.iluminaciondigiled.com\/index.php\/wp-json\/wp\/v2\/pages\/52","targetHints":{"allow":["GET"]}}],"collection":[{"href":"https:\/\/www.iluminaciondigiled.com\/index.php\/wp-json\/wp\/v2\/pages"}],"about":[{"href":"https:\/\/www.iluminaciondigiled.com\/index.php\/wp-json\/wp\/v2\/types\/page"}],"author":[{"embeddable":true,"href":"https:\/\/www.iluminaciondigiled.com\/index.php\/wp-json\/wp\/v2\/users\/1"}],"replies":[{"embeddable":true,"href":"https:\/\/www.iluminaciondigiled.com\/index.php\/wp-json\/wp\/v2\/comments?post=52"}],"version-history":[{"count":3,"href":"https:\/\/www.iluminaciondigiled.com\/index.php\/wp-json\/wp\/v2\/pages\/52\/revisions"}],"predecessor-version":[{"id":87,"href":"https:\/\/www.iluminaciondigiled.com\/index.php\/wp-json\/wp\/v2\/pages\/52\/revisions\/87"}],"wp:attachment":[{"href":"https:\/\/www.iluminaciondigiled.com\/index.php\/wp-json\/wp\/v2\/media?parent=52"}],"curies":[{"name":"wp","href":"https:\/\/api.w.org\/{rel}","templated":true}]}}