{"id":71,"date":"2023-08-30T13:23:29","date_gmt":"2023-08-30T13:23:29","guid":{"rendered":"https:\/\/www.iluminaciondigiled.com\/?page_id=71"},"modified":"2023-09-23T14:39:29","modified_gmt":"2023-09-23T14:39:29","slug":"blog","status":"publish","type":"page","link":"https:\/\/www.iluminaciondigiled.com\/index.php\/blog\/","title":{"rendered":"Blog"},"content":{"rendered":"<p>[et_pb_section fb_built=\u00bb1&#8243; admin_label=\u00bbHeader\u00bb _builder_version=\u00bb4.21.0&#8243; _module_preset=\u00bbdefault\u00bb collapsed=\u00bbon\u00bb global_colors_info=\u00bb{}\u00bb][et_pb_row _builder_version=\u00bb4.22.1&#8243; _module_preset=\u00bbdefault\u00bb hover_enabled=\u00bb0&#8243; global_colors_info=\u00bb{}\u00bb sticky_enabled=\u00bb0&#8243;][et_pb_column type=\u00bb4_4&#8243; _builder_version=\u00bb4.22.1&#8243; _module_preset=\u00bbdefault\u00bb hover_enabled=\u00bb0&#8243; global_colors_info=\u00bb{}\u00bb sticky_enabled=\u00bb0&#8243;][et_pb_text _builder_version=\u00bb4.21.0&#8243; _module_preset=\u00bb764fa2ee-8146-41f3-9aca-768df3ed0e92&#8243; global_colors_info=\u00bb{}\u00bb]<\/p>\n<h1>Blog<\/h1>\n<p>[\/et_pb_text][et_pb_post_slider posts_number=\u00bb3&#8243; bg_overlay_color=\u00bbrgba(35,45,55,0.75)\u00bb _builder_version=\u00bb4.22.1&#8243; _module_preset=\u00bb005602ea-629f-4908-9c73-57d53c391bf0&#8243; hover_enabled=\u00bb0&#8243; locked=\u00bboff\u00bb global_colors_info=\u00bb{}\u00bb background_color=\u00bb#E02B20&#8243; sticky_enabled=\u00bb0&#8243;][\/et_pb_post_slider][et_pb_blog posts_number=\u00bb6&#8243; show_author=\u00bboff\u00bb _builder_version=\u00bb4.21.0&#8243; _module_preset=\u00bb90fbe97c-b858-4d32-ab5d-8d65efabebd4&#8243; meta_text_color=\u00bbgcid-3739f6af-6ec3-431f-9233-3cdc85f4270b\u00bb read_more_text_color=\u00bbgcid-3739f6af-6ec3-431f-9233-3cdc85f4270b\u00bb locked=\u00bboff\u00bb global_colors_info=\u00bb{%22gcid-3739f6af-6ec3-431f-9233-3cdc85f4270b%22:%91%22meta_text_color%22,%22read_more_text_color%22%93}\u00bb][\/et_pb_blog][\/et_pb_column][\/et_pb_row][\/et_pb_section][et_pb_section fb_built=\u00bb1&#8243; admin_label=\u00bbSubscribe\u00bb _builder_version=\u00bb4.22.1&#8243; _module_preset=\u00bbdefault\u00bb background_color=\u00bb#E02B20&#8243; width=\u00bb94%\u00bb width_tablet=\u00bb80%\u00bb width_phone=\u00bb80%\u00bb width_last_edited=\u00bbon|desktop\u00bb max_width=\u00bb2000px\u00bb module_alignment=\u00bbcenter\u00bb custom_margin=\u00bb60px||60px||true|false\u00bb hover_enabled=\u00bb0&#8243; border_radii=\u00bbon|10px|10px|10px|10px\u00bb collapsed=\u00bbon\u00bb global_colors_info=\u00bb{}\u00bb sticky_enabled=\u00bb0&#8243;][et_pb_row _builder_version=\u00bb4.21.0&#8243; _module_preset=\u00bbdefault\u00bb max_width=\u00bb800px\u00bb global_colors_info=\u00bb{}\u00bb][et_pb_column type=\u00bb4_4&#8243; _builder_version=\u00bb4.21.0&#8243; _module_preset=\u00bbdefault\u00bb global_colors_info=\u00bb{}\u00bb][et_pb_text _builder_version=\u00bb4.22.1&#8243; _module_preset=\u00bbc52b3f9d-57bc-40d0-981f-941311daa09e\u00bb header_2_text_color=\u00bb#FFFFFF\u00bb text_orientation=\u00bbcenter\u00bb custom_margin=\u00bb||10px||false|false\u00bb hover_enabled=\u00bb0&#8243; locked=\u00bboff\u00bb global_colors_info=\u00bb{}\u00bb sticky_enabled=\u00bb0&#8243;]<\/p>\n<h2>Disfruta de nuestra newsletter<\/h2>\n<p>[\/et_pb_text][et_pb_text _builder_version=\u00bb4.22.1&#8243; _module_preset=\u00bba8b2e282-215a-4ad2-9c0c-21d22b55e4ef\u00bb text_text_color=\u00bb#FFFFFF\u00bb text_orientation=\u00bbcenter\u00bb hover_enabled=\u00bb0&#8243; locked=\u00bboff\u00bb global_colors_info=\u00bb{}\u00bb sticky_enabled=\u00bb0&#8243;]<\/p>\n<p><span>Tu fuente de luz LED brillante y eficiente. Explora nuestras soluciones de iluminaci\u00f3n modernas y sostenibles para un mundo m\u00e1s luminoso.<\/span><\/p>\n<p>[\/et_pb_text][et_pb_signup mailchimp_list=\u00bbundefined|elegantthemestest|1ea2bbd026&#8243; first_name_field=\u00bboff\u00bb last_name_field=\u00bboff\u00bb _builder_version=\u00bb4.21.0&#8243; _module_preset=\u00bb1e4e2dbd-5199-4e04-83fb-795160675a35&#8243; locked=\u00bboff\u00bb global_colors_info=\u00bb{}\u00bb][\/et_pb_signup][\/et_pb_column][\/et_pb_row][\/et_pb_section][et_pb_section fb_built=\u00bb1&#8243; admin_label=\u00bbFooter\u00bb _builder_version=\u00bb4.22.1&#8243; _module_preset=\u00bbdefault\u00bb background_color=\u00bb#E02B20&#8243; saved_tabs=\u00bball\u00bb collapsed=\u00bbon\u00bb global_colors_info=\u00bb{}\u00bb theme_builder_area=\u00bbpost_content\u00bb][et_pb_row _builder_version=\u00bb4.21.0&#8243; _module_preset=\u00bbdefault\u00bb global_colors_info=\u00bb{}\u00bb theme_builder_area=\u00bbpost_content\u00bb][et_pb_column type=\u00bb4_4&#8243; _builder_version=\u00bb4.21.0&#8243; _module_preset=\u00bbdefault\u00bb global_colors_info=\u00bb{}\u00bb theme_builder_area=\u00bbpost_content\u00bb][et_pb_text _builder_version=\u00bb4.22.1&#8243; _module_preset=\u00bb636a84ea-08d1-4fa6-8cf2-aa12a64680f8&#8243; header_2_font=\u00bbPrata||||||||\u00bb header_2_text_color=\u00bb#FFFFFF\u00bb header_2_font_size=\u00bb52px\u00bb header_2_line_height=\u00bb1.2em\u00bb text_orientation=\u00bbcenter\u00bb custom_margin=\u00bb||10px||false|false\u00bb header_2_font_size_tablet=\u00bb32px\u00bb header_2_font_size_phone=\u00bb20px\u00bb header_2_font_size_last_edited=\u00bbon|desktop\u00bb global_colors_info=\u00bb{}\u00bb theme_builder_area=\u00bbpost_content\u00bb]<\/p>\n<h2>Tu tienda de Led en A Coru\u00f1a<\/h2>\n<p>[\/et_pb_text][et_pb_text _builder_version=\u00bb4.22.1&#8243; _module_preset=\u00bba98f869a-c7b0-4733-b4f8-f6e0289c1e9c\u00bb text_text_color=\u00bb#FFFFFF\u00bb text_font_size=\u00bb16px\u00bb text_line_height=\u00bb1.8em\u00bb text_orientation=\u00bbcenter\u00bb text_font_size_tablet=\u00bb15px\u00bb text_font_size_phone=\u00bb14px\u00bb text_font_size_last_edited=\u00bbon|desktop\u00bb global_colors_info=\u00bb{}\u00bb theme_builder_area=\u00bbpost_content\u00bb]<\/p>\n<p><span>Avenida Finisterre, 264, 15010 A Coru\u00f1a<\/span><\/p>\n<p>[\/et_pb_text][\/et_pb_column][\/et_pb_row][et_pb_row column_structure=\u00bb1_2,1_2&#8243; _builder_version=\u00bb4.21.0&#8243; _module_preset=\u00bbdefault\u00bb global_colors_info=\u00bb{}\u00bb theme_builder_area=\u00bbpost_content\u00bb][et_pb_column type=\u00bb1_2&#8243; _builder_version=\u00bb4.21.0&#8243; _module_preset=\u00bbdefault\u00bb global_colors_info=\u00bb{}\u00bb theme_builder_area=\u00bbpost_content\u00bb][et_pb_icon font_icon=\u00bb&#xe090;||divi||400&#8243; icon_color=\u00bb#FFFFFF\u00bb icon_width=\u00bb16px\u00bb _builder_version=\u00bb4.21.0&#8243; _module_preset=\u00bbdefault\u00bb custom_padding=\u00bb12px|12px|12px|12px|true|true\u00bb border_radii=\u00bbon|100px|100px|100px|100px\u00bb border_width_all=\u00bb1px\u00bb border_color_all=\u00bb#FFFFFF\u00bb locked=\u00bboff\u00bb global_colors_info=\u00bb{}\u00bb theme_builder_area=\u00bbpost_content\u00bb][\/et_pb_icon][et_pb_text _builder_version=\u00bb4.22.1&#8243; _module_preset=\u00bb8f5513b2-e335-4ab2-a38b-625e6009f697&#8243; link_text_color=\u00bb#FFFFFF\u00bb header_5_font=\u00bbPrata||||||||\u00bb header_5_text_color=\u00bb#FFFFFF\u00bb header_5_font_size=\u00bb20px\u00bb header_5_line_height=\u00bb1.4em\u00bb text_orientation=\u00bbcenter\u00bb header_5_font_size_tablet=\u00bb16px\u00bb header_5_font_size_phone=\u00bb14px\u00bb header_5_font_size_last_edited=\u00bbon|desktop\u00bb global_colors_info=\u00bb{}\u00bb theme_builder_area=\u00bbpost_content\u00bb]<\/p>\n<h5><span class=\"w8qArf\"><span>\u00a0<\/span><\/span><span><span class=\"LrzXr zdqRlf kno-fv\"><a data-dtype=\"d3ph\" data-local-attribute=\"d3ph\" jscontroller=\"LWZElb\" href=\"https:\/\/www.google.com\/search?q=digiled&amp;rlz=1C1UEAD_esES1053ES1053&amp;oq=digiled&amp;aqs=chrome.0.35i39i650j46i175i199i512j69i64j46i175i199i512j0i30l2j69i60l2.1215j0j7&amp;sourceid=chrome&amp;ie=UTF-8#\" jsdata=\"QKGTRc;_;A3dUtI\" jsaction=\"rcuQ6b:npT2md;F75qrd\" data-ved=\"2ahUKEwiRgJPL9sCBAxXjU6QEHclvDdcQkAgoAHoECEkQAw\"><span aria-label=\"Llamar al n\u00famero de tel\u00e9fono 881 88 90 76\">881 88 90 76<\/span><\/a><\/span><\/span><\/h5>\n<p>[\/et_pb_text][\/et_pb_column][et_pb_column type=\u00bb1_2&#8243; _builder_version=\u00bb4.21.0&#8243; _module_preset=\u00bbdefault\u00bb global_colors_info=\u00bb{}\u00bb theme_builder_area=\u00bbpost_content\u00bb][et_pb_icon font_icon=\u00bb&#xe076;||divi||400&#8243; icon_color=\u00bb#FFFFFF\u00bb icon_width=\u00bb16px\u00bb _builder_version=\u00bb4.21.0&#8243; _module_preset=\u00bbdefault\u00bb custom_padding=\u00bb12px|12px|12px|12px|true|true\u00bb border_radii=\u00bbon|100px|100px|100px|100px\u00bb border_width_all=\u00bb1px\u00bb border_color_all=\u00bb#FFFFFF\u00bb locked=\u00bboff\u00bb global_colors_info=\u00bb{}\u00bb theme_builder_area=\u00bbpost_content\u00bb][\/et_pb_icon][et_pb_text _builder_version=\u00bb4.22.1&#8243; _module_preset=\u00bb8f5513b2-e335-4ab2-a38b-625e6009f697&#8243; link_text_color=\u00bb#FFFFFF\u00bb header_5_font=\u00bbPrata||||||||\u00bb header_5_text_color=\u00bb#FFFFFF\u00bb header_5_font_size=\u00bb20px\u00bb header_5_line_height=\u00bb1.4em\u00bb text_orientation=\u00bbcenter\u00bb header_5_font_size_tablet=\u00bb16px\u00bb header_5_font_size_phone=\u00bb14px\u00bb header_5_font_size_last_edited=\u00bbon|desktop\u00bb global_colors_info=\u00bb{}\u00bb theme_builder_area=\u00bbpost_content\u00bb]<\/p>\n<h5>digiled.servicios@gmail.com<\/h5>\n<p>[\/et_pb_text][\/et_pb_column][\/et_pb_row][et_pb_row _builder_version=\u00bb4.21.0&#8243; _module_preset=\u00bbdefault\u00bb border_color_all=\u00bbrgba(255,255,255,0.2)\u00bb border_width_top=\u00bb1px\u00bb global_colors_info=\u00bb{}\u00bb theme_builder_area=\u00bbpost_content\u00bb][et_pb_column type=\u00bb4_4&#8243; _builder_version=\u00bb4.21.0&#8243; _module_preset=\u00bbdefault\u00bb global_colors_info=\u00bb{}\u00bb theme_builder_area=\u00bbpost_content\u00bb][et_pb_text _builder_version=\u00bb4.22.1&#8243; _dynamic_attributes=\u00bbcontent\u00bb _module_preset=\u00bb83744a01-5971-4bf0-ad09-8c35dab4053f\u00bb text_text_color=\u00bb#FFFFFF\u00bb text_orientation=\u00bbcenter\u00bb global_colors_info=\u00bb{}\u00bb theme_builder_area=\u00bbpost_content\u00bb]@ET-DC@eyJkeW5hbWljIjp0cnVlLCJjb250ZW50IjoiY3VycmVudF9kYXRlIiwic2V0dGluZ3MiOnsiYmVmb3JlIjoiIiwiYWZ0ZXIiOiIgRGlnaWxlZCAgQWxsIFJpZ2h0cyBSZXNlcnZlZC4iLCJkYXRlX2Zvcm1hdCI6ImN1c3RvbSIsImN1c3RvbV9kYXRlX2Zvcm1hdCI6IlkifX0=@[\/et_pb_text][\/et_pb_column][\/et_pb_row][\/et_pb_section]<\/p>\n","protected":false},"excerpt":{"rendered":"<p>Blog Disfruta de nuestra newsletterTu fuente de luz LED brillante y eficiente. Explora nuestras soluciones de iluminaci\u00f3n modernas y sostenibles para un mundo m\u00e1s luminoso.Tu tienda de Led en A Coru\u00f1aAvenida Finisterre, 264, 15010 A Coru\u00f1a\u00a0881 88 90 76digiled.servicios@gmail.com<\/p>\n","protected":false},"author":1,"featured_media":0,"parent":0,"menu_order":0,"comment_status":"closed","ping_status":"closed","template":"","meta":{"_et_pb_use_builder":"on","_et_pb_old_content":"","_et_gb_content_width":"","footnotes":""},"class_list":["post-71","page","type-page","status-publish","hentry"],"yoast_head":"<!-- This site is optimized with the Yoast SEO plugin v21.2 - https:\/\/yoast.com\/wordpress\/plugins\/seo\/ -->\n<title>Blog - Digiled<\/title>\n<meta name=\"robots\" content=\"index, follow, max-snippet:-1, max-image-preview:large, max-video-preview:-1\" \/>\n<link rel=\"canonical\" href=\"https:\/\/www.iluminaciondigiled.com\/index.php\/blog\/\" \/>\n<meta property=\"og:locale\" content=\"es_ES\" \/>\n<meta property=\"og:type\" content=\"article\" \/>\n<meta property=\"og:title\" content=\"Blog - Digiled\" \/>\n<meta property=\"og:description\" content=\"Blog Disfruta de nuestra newsletterTu fuente de luz LED brillante y eficiente. Explora nuestras soluciones de iluminaci\u00f3n modernas y sostenibles para un mundo m\u00e1s luminoso.Tu tienda de Led en A Coru\u00f1aAvenida Finisterre, 264, 15010 A Coru\u00f1a\u00a0881 88 90 76digiled.servicios@gmail.com\" \/>\n<meta property=\"og:url\" content=\"https:\/\/www.iluminaciondigiled.com\/index.php\/blog\/\" \/>\n<meta property=\"og:site_name\" content=\"Digiled\" \/>\n<meta property=\"article:modified_time\" content=\"2023-09-23T14:39:29+00:00\" \/>\n<meta name=\"twitter:card\" content=\"summary_large_image\" \/>\n<meta name=\"twitter:label1\" content=\"Tiempo de lectura\" \/>\n\t<meta name=\"twitter:data1\" content=\"5 minutos\" \/>\n<script type=\"application\/ld+json\" class=\"yoast-schema-graph\">{\"@context\":\"https:\/\/schema.org\",\"@graph\":[{\"@type\":\"WebPage\",\"@id\":\"https:\/\/www.iluminaciondigiled.com\/index.php\/blog\/\",\"url\":\"https:\/\/www.iluminaciondigiled.com\/index.php\/blog\/\",\"name\":\"Blog - Digiled\",\"isPartOf\":{\"@id\":\"https:\/\/www.iluminaciondigiled.com\/#website\"},\"datePublished\":\"2023-08-30T13:23:29+00:00\",\"dateModified\":\"2023-09-23T14:39:29+00:00\",\"breadcrumb\":{\"@id\":\"https:\/\/www.iluminaciondigiled.com\/index.php\/blog\/#breadcrumb\"},\"inLanguage\":\"es\",\"potentialAction\":[{\"@type\":\"ReadAction\",\"target\":[\"https:\/\/www.iluminaciondigiled.com\/index.php\/blog\/\"]}]},{\"@type\":\"BreadcrumbList\",\"@id\":\"https:\/\/www.iluminaciondigiled.com\/index.php\/blog\/#breadcrumb\",\"itemListElement\":[{\"@type\":\"ListItem\",\"position\":1,\"name\":\"Portada\",\"item\":\"https:\/\/www.iluminaciondigiled.com\/\"},{\"@type\":\"ListItem\",\"position\":2,\"name\":\"Blog\"}]},{\"@type\":\"WebSite\",\"@id\":\"https:\/\/www.iluminaciondigiled.com\/#website\",\"url\":\"https:\/\/www.iluminaciondigiled.com\/\",\"name\":\"Digiled\",\"description\":\"Tienda de iluminaci&oacute;n led en A Coru&ntilde;a\",\"potentialAction\":[{\"@type\":\"SearchAction\",\"target\":{\"@type\":\"EntryPoint\",\"urlTemplate\":\"https:\/\/www.iluminaciondigiled.com\/?s={search_term_string}\"},\"query-input\":\"required name=search_term_string\"}],\"inLanguage\":\"es\"}]}<\/script>\n<!-- \/ Yoast SEO plugin. -->","yoast_head_json":{"title":"Blog - Digiled","robots":{"index":"index","follow":"follow","max-snippet":"max-snippet:-1","max-image-preview":"max-image-preview:large","max-video-preview":"max-video-preview:-1"},"canonical":"https:\/\/www.iluminaciondigiled.com\/index.php\/blog\/","og_locale":"es_ES","og_type":"article","og_title":"Blog - Digiled","og_description":"Blog Disfruta de nuestra newsletterTu fuente de luz LED brillante y eficiente. Explora nuestras soluciones de iluminaci\u00f3n modernas y sostenibles para un mundo m\u00e1s luminoso.Tu tienda de Led en A Coru\u00f1aAvenida Finisterre, 264, 15010 A Coru\u00f1a\u00a0881 88 90 76digiled.servicios@gmail.com","og_url":"https:\/\/www.iluminaciondigiled.com\/index.php\/blog\/","og_site_name":"Digiled","article_modified_time":"2023-09-23T14:39:29+00:00","twitter_card":"summary_large_image","twitter_misc":{"Tiempo de lectura":"5 minutos"},"schema":{"@context":"https:\/\/schema.org","@graph":[{"@type":"WebPage","@id":"https:\/\/www.iluminaciondigiled.com\/index.php\/blog\/","url":"https:\/\/www.iluminaciondigiled.com\/index.php\/blog\/","name":"Blog - Digiled","isPartOf":{"@id":"https:\/\/www.iluminaciondigiled.com\/#website"},"datePublished":"2023-08-30T13:23:29+00:00","dateModified":"2023-09-23T14:39:29+00:00","breadcrumb":{"@id":"https:\/\/www.iluminaciondigiled.com\/index.php\/blog\/#breadcrumb"},"inLanguage":"es","potentialAction":[{"@type":"ReadAction","target":["https:\/\/www.iluminaciondigiled.com\/index.php\/blog\/"]}]},{"@type":"BreadcrumbList","@id":"https:\/\/www.iluminaciondigiled.com\/index.php\/blog\/#breadcrumb","itemListElement":[{"@type":"ListItem","position":1,"name":"Portada","item":"https:\/\/www.iluminaciondigiled.com\/"},{"@type":"ListItem","position":2,"name":"Blog"}]},{"@type":"WebSite","@id":"https:\/\/www.iluminaciondigiled.com\/#website","url":"https:\/\/www.iluminaciondigiled.com\/","name":"Digiled","description":"Tienda de iluminaci&oacute;n led en A Coru&ntilde;a","potentialAction":[{"@type":"SearchAction","target":{"@type":"EntryPoint","urlTemplate":"https:\/\/www.iluminaciondigiled.com\/?s={search_term_string}"},"query-input":"required name=search_term_string"}],"inLanguage":"es"}]}},"_links":{"self":[{"href":"https:\/\/www.iluminaciondigiled.com\/index.php\/wp-json\/wp\/v2\/pages\/71","targetHints":{"allow":["GET"]}}],"collection":[{"href":"https:\/\/www.iluminaciondigiled.com\/index.php\/wp-json\/wp\/v2\/pages"}],"about":[{"href":"https:\/\/www.iluminaciondigiled.com\/index.php\/wp-json\/wp\/v2\/types\/page"}],"author":[{"embeddable":true,"href":"https:\/\/www.iluminaciondigiled.com\/index.php\/wp-json\/wp\/v2\/users\/1"}],"replies":[{"embeddable":true,"href":"https:\/\/www.iluminaciondigiled.com\/index.php\/wp-json\/wp\/v2\/comments?post=71"}],"version-history":[{"count":2,"href":"https:\/\/www.iluminaciondigiled.com\/index.php\/wp-json\/wp\/v2\/pages\/71\/revisions"}],"predecessor-version":[{"id":94,"href":"https:\/\/www.iluminaciondigiled.com\/index.php\/wp-json\/wp\/v2\/pages\/71\/revisions\/94"}],"wp:attachment":[{"href":"https:\/\/www.iluminaciondigiled.com\/index.php\/wp-json\/wp\/v2\/media?parent=71"}],"curies":[{"name":"wp","href":"https:\/\/api.w.org\/{rel}","templated":true}]}}